{"id":376,"date":"2023-09-11T20:24:41","date_gmt":"2023-09-11T20:24:41","guid":{"rendered":"http:\/\/www.precicolon.es\/?page_id=376"},"modified":"2023-10-23T11:07:41","modified_gmt":"2023-10-23T11:07:41","slug":"lab-members-iis-fjd","status":"publish","type":"page","link":"https:\/\/www.precicolon.es\/?page_id=376","title":{"rendered":"Lab Members CIB-CSIC"},"content":{"rendered":"\n<p>Rub\u00e9n \u00c1lvaro Bartolom\u00e9 Conde, PhD<\/p>\n\n\n\n<p>Laura Pintado Berninches, PhD<\/p>\n\n\n\n<p>Pablo\u00a0Otero N\u00fa\u00f1ez, PhD<\/p>\n\n\n\n<p>Tania Calvo L\u00f3pez, PhD<\/p>\n\n\n\n<p>\u00c1ngela Mart\u00edn Regalado, PhD Student<\/p>\n\n\n\n<p>Javier Robles Sebasti\u00e1n,  PhD Student<\/p>\n\n\n\n<p>Issam Boukich el Jouhari, Research Assistant <\/p>\n\n\n","protected":false},"excerpt":{"rendered":"<p>Rub\u00e9n \u00c1lvaro Bartolom\u00e9 Conde, PhD Laura Pintado Berninches, PhD Pablo\u00a0Otero N\u00fa\u00f1ez, PhD Tania Calvo L\u00f3pez, PhD \u00c1ngela Mart\u00edn Regalado, PhD Student Javier Robles Sebasti\u00e1n, PhD Student Issam Boukich el Jouhari, Research Assistant<\/p>\n","protected":false},"author":1,"featured_media":0,"parent":372,"menu_order":0,"comment_status":"closed","ping_status":"closed","template":"","meta":{"footnotes":""},"class_list":["post-376","page","type-page","status-publish","hentry"],"_links":{"self":[{"href":"https:\/\/www.precicolon.es\/index.php?rest_route=\/wp\/v2\/pages\/376","targetHints":{"allow":["GET"]}}],"collection":[{"href":"https:\/\/www.precicolon.es\/index.php?rest_route=\/wp\/v2\/pages"}],"about":[{"href":"https:\/\/www.precicolon.es\/index.php?rest_route=\/wp\/v2\/types\/page"}],"author":[{"embeddable":true,"href":"https:\/\/www.precicolon.es\/index.php?rest_route=\/wp\/v2\/users\/1"}],"replies":[{"embeddable":true,"href":"https:\/\/www.precicolon.es\/index.php?rest_route=%2Fwp%2Fv2%2Fcomments&post=376"}],"version-history":[{"count":9,"href":"https:\/\/www.precicolon.es\/index.php?rest_route=\/wp\/v2\/pages\/376\/revisions"}],"predecessor-version":[{"id":787,"href":"https:\/\/www.precicolon.es\/index.php?rest_route=\/wp\/v2\/pages\/376\/revisions\/787"}],"up":[{"embeddable":true,"href":"https:\/\/www.precicolon.es\/index.php?rest_route=\/wp\/v2\/pages\/372"}],"wp:attachment":[{"href":"https:\/\/www.precicolon.es\/index.php?rest_route=%2Fwp%2Fv2%2Fmedia&parent=376"}],"curies":[{"name":"wp","href":"https:\/\/api.w.org\/{rel}","templated":true}]}}